{"id":762,"date":"2024-07-03T21:05:53","date_gmt":"2024-07-03T19:05:53","guid":{"rendered":"https:\/\/coaching-journey.ro\/?page_id=762"},"modified":"2024-09-20T12:16:04","modified_gmt":"2024-09-20T10:16:04","slug":"despre","status":"publish","type":"page","link":"https:\/\/coaching-journey.ro\/en\/despre\/","title":{"rendered":"About"},"content":{"rendered":"<div data-elementor-type=\"wp-page\" data-elementor-id=\"762\" class=\"elementor elementor-762\" data-elementor-post-type=\"page\">\n\t\t\t\t\t\t<section class=\"elementor-section elementor-top-section elementor-element elementor-element-2bab13d8 elementor-section-boxed elementor-section-height-default elementor-section-height-default\" data-id=\"2bab13d8\" data-element_type=\"section\">\n\t\t\t\t\t\t<div class=\"elementor-container elementor-column-gap-default\">\n\t\t\t\t\t<div class=\"elementor-column elementor-col-100 elementor-top-column elementor-element elementor-element-7ed1dd0d\" data-id=\"7ed1dd0d\" data-element_type=\"column\">\n\t\t\t<div class=\"elementor-widget-wrap elementor-element-populated\">\n\t\t\t\t\t\t<div class=\"elementor-element elementor-element-aba01dd elementor-widget elementor-widget-text-editor\" data-id=\"aba01dd\" data-element_type=\"widget\" data-widget_type=\"text-editor.default\">\n\t\t\t\t<div class=\"elementor-widget-container\">\n\t\t\t<style>\/*! elementor - v3.22.0 - 26-06-2024 *\/\n.elementor-widget-text-editor.elementor-drop-cap-view-stacked .elementor-drop-cap{background-color:#69727d;color:#fff}.elementor-widget-text-editor.elementor-drop-cap-view-framed .elementor-drop-cap{color:#69727d;border:3px solid;background-color:transparent}.elementor-widget-text-editor:not(.elementor-drop-cap-view-default) .elementor-drop-cap{margin-top:8px}.elementor-widget-text-editor:not(.elementor-drop-cap-view-default) .elementor-drop-cap-letter{width:1em;height:1em}.elementor-widget-text-editor .elementor-drop-cap{float:left;text-align:center;line-height:1;font-size:50px}.elementor-widget-text-editor .elementor-drop-cap-letter{display:inline-block}<\/style>\t\t\t\t<p><!-- wp:columns --><\/p>\n<div class=\"wp-block-columns\">\n<p><!-- wp:column --><\/p>\n<div class=\"wp-block-column\">\n<p><!-- wp:columns {\"verticalAlignment\":\"center\",\"align\":\"full\"} --><\/p>\n<div class=\"wp-block-columns alignfull are-vertically-aligned-center\">\n<p><!-- wp:column {\"width\":\"25%\"} --><\/p>\n<div class=\"wp-block-column\" style=\"flex-basis: 25%;\"><\/div>\n<p><!-- \/wp:column --><\/p>\n<p><!-- wp:column {\"width\":\"23%\"} --><\/p>\n<div class=\"wp-block-column\" style=\"flex-basis: 23%;\">\n<p><!-- wp:image {\"id\":636,\"sizeSlug\":\"large\",\"align\":\"center\"} --><\/p>\n<figure class=\"wp-block-image aligncenter size-large\"><img fetchpriority=\"high\" decoding=\"async\" width=\"2551\" height=\"2406\" src=\"https:\/\/mlrvpyy5jpbg.i.optimole.com\/w:1024\/h:966\/q:mauto\/ig:avif\/https:\/\/coaching-journey.ro\/wp-content\/uploads\/2024\/06\/DSC04228_1.jpg\"  alt=\"\" class=\"wp-image-636\" srcset=\"https:\/\/mlrvpyy5jpbg.i.optimole.com\/w:auto\/h:auto\/q:mauto\/ig:avif\/https:\/\/coaching-journey.ro\/wp-content\/uploads\/2024\/06\/DSC04228_1.jpg 2551w, https:\/\/mlrvpyy5jpbg.i.optimole.com\/w:300\/h:283\/q:mauto\/ig:avif\/https:\/\/coaching-journey.ro\/wp-content\/uploads\/2024\/06\/DSC04228_1.jpg 300w, https:\/\/mlrvpyy5jpbg.i.optimole.com\/w:1024\/h:966\/q:mauto\/ig:avif\/https:\/\/coaching-journey.ro\/wp-content\/uploads\/2024\/06\/DSC04228_1.jpg 1024w, https:\/\/mlrvpyy5jpbg.i.optimole.com\/w:768\/h:724\/q:mauto\/ig:avif\/https:\/\/coaching-journey.ro\/wp-content\/uploads\/2024\/06\/DSC04228_1.jpg 768w, https:\/\/mlrvpyy5jpbg.i.optimole.com\/w:1144\/h:1080\/q:mauto\/ig:avif\/https:\/\/coaching-journey.ro\/wp-content\/uploads\/2024\/06\/DSC04228_1.jpg 1536w, https:\/\/mlrvpyy5jpbg.i.optimole.com\/w:1144\/h:1080\/q:mauto\/ig:avif\/https:\/\/coaching-journey.ro\/wp-content\/uploads\/2024\/06\/DSC04228_1.jpg 2048w\" sizes=\"(max-width: 2551px) 100vw, 2551px\" \/><\/figure>\n<p><!-- \/wp:image --><\/p>\n<\/div>\n<p><!-- \/wp:column --><\/p>\n<p><!-- wp:column {\"width\":\"27%\"} --><\/p>\n<div class=\"wp-block-column\" style=\"flex-basis: 27%;\">\n<p><!-- wp:quote {\"align\":\"left\",\"className\":\"is-style-default\"} --><\/p>\n<blockquote class=\"wp-block-quote has-text-align-left is-style-default\">\n<p><!-- wp:paragraph {\"align\":\"center\"} --><\/p>\n<p class=\"has-text-align-center\">\u201c<strong><em>Paradoxul curios este c\u0103 atunci c\u00e2nd m\u0103 accept\u00a0a\u0219a cum sunt, pot s\u0103 m\u0103 schimb\u201d<\/em><\/strong><\/p>\n<p><!-- \/wp:paragraph --><cite><strong><em>\u2013\u00a0Carl Rogers<\/em><\/strong><\/cite><\/p>\n<\/blockquote>\n<p><!-- \/wp:quote --><\/p>\n<\/div>\n<p><!-- \/wp:column --><\/p>\n<p><!-- wp:column {\"width\":\"10%\"} --><\/p>\n<div class=\"wp-block-column\" style=\"flex-basis: 10%;\"><\/div>\n<p><!-- \/wp:column --><\/p>\n<\/div>\n<p><!-- \/wp:columns --><\/p>\n<p><!-- wp:heading --><\/p>\n<h2 class=\"wp-block-heading\">Despre mine : Iulia R\u0103du\u021b\u0103\u00a0<\/h2>\n<h2 class=\"wp-block-heading\">Psychotherapist, certified by COPSI<\/h2>\n<p><!-- \/wp:heading --><\/p>\n<p><!-- wp:list --><\/p>\n<ul>\n<li style=\"list-style-type: none;\">\n<ul><!-- wp:list-item --><\/ul>\n<\/li>\n<\/ul>\n<p><\/p>\n<ul>\n<li style=\"list-style-type: none;\">\n<ul>\n<li><strong>Integrative Psychotherapy School<\/strong>The school is based on Transactional analysis (Richard Erskine, its founder, has won twice Eric Berne award), with flavors of humanistic and gestalt therapy.<\/li>\n<\/ul>\n<\/li>\n<\/ul>\n<p><!-- \/wp:list-item --><\/p>\n<p><!-- wp:list-item --><\/p>\n<ul>\n<li style=\"list-style-type: none;\">\n<ul>\n<li><strong>Masters in Emotion Focused Psychotherapy<\/strong>. EFT is a humanistic-experiential therapy based on emotional schemas. It is based on the principles of 3 schools : humanistic, gestalt and existential therapy. There is a number of evidence based studies which proves its efficiency in a number of psychological disorders. It\u2019s founder is Leslie Greenberg.<\/li>\n<\/ul>\n<\/li>\n<\/ul>\n<p><!-- \/wp:list-item --><\/p>\n<p><!-- \/wp:list --><\/p>\n<p><!-- wp:heading --><\/p>\n<h2 class=\"wp-block-heading\">EMCC Global certified coach - practitioner<\/h2>\n<p><!-- \/wp:heading --><\/p>\n<p><!-- wp:list --><\/p>\n<ul>\n<li style=\"list-style-type: none;\">\n<ul><!-- wp:list-item --><\/ul>\n<\/li>\n<\/ul>\n<p><\/p>\n<ul>\n<li style=\"list-style-type: none;\">\n<ul>\n<li><strong>Steps for Change<\/strong>. The school is based on NLP principles, transactional analysis and reflection useful in the 1:1 work<\/li>\n<\/ul>\n<\/li>\n<\/ul>\n<p><!-- \/wp:list-item --><\/p>\n<p><!-- wp:list-item --><\/p>\n<ul>\n<li style=\"list-style-type: none;\">\n<ul>\n<li><strong>Coaching constellations<\/strong>. John Whittington\u2019s approach brings a systemic value to the coaching process. It is suitable for organizations and teams, but as well for family dynamics and individual relational topics<\/li>\n<\/ul>\n<\/li>\n<\/ul>\n<p><!-- \/wp:list-item --><\/p>\n<p><!-- \/wp:list --><\/p>\n<p><!-- wp:paragraph {\"align\":\"left\"} --><\/p>\n<p class=\"has-text-align-left\"><strong>In therapy sessions <\/strong>I bring <strong>compassion <\/strong>, yet <strong>firmness<\/strong>, a mix of <strong>support<\/strong>, <strong>structure <\/strong>and <strong>autonomy<\/strong>, resources type self help, but also <strong>reflection themes <\/strong>and <strong>introspection<\/strong>, <strong>On top of competence<\/strong> and <strong>playfulness and creativity.<\/strong><\/p>\n<p><!-- \/wp:paragraph --><\/p>\n<p><!-- wp:paragraph --><\/p>\n<p>I believe that\u00a0<strong>unconditional love\/acceptance\u00a0<\/strong>that Rogers was speaking about can heal.\u00a0<strong>On top of competence<\/strong>, the right mix of\u00a0<strong>respect<\/strong>\u00a0for\u00a0<strong>ritmul fiec\u0103ruia\u00a0<\/strong>and\u00a0<strong>right challenge<\/strong>.<\/p>\n<p><!-- \/wp:paragraph --><\/p>\n<p><!-- wp:paragraph --><\/p>\n<p>I believe in taking\u00a0<strong>responsibility<\/strong>\u00a0on the own transformation process and\u00a0<strong>sustained effort\u00a0<\/strong>towards individual wellbeing, leaving behind coping mechanisms which once helped us to survive, but today hurt us.<\/p>\n<p><!-- \/wp:paragraph --><\/p>\n<p><!-- wp:paragraph --><\/p>\n<p class=\" translation-block\"><strong>In coaching, mentoring or workshops<\/strong>, I bring <strong>18 years of corporate experience<\/strong>, where I have experienced American and French organizational cultures, IT and Banking industries. I have lead and worked with national and international teams as a project manager and manager : I was mentor, trainer, leader, mediator, support in different contexts, I have done mistakes and learned from them.<\/p>\n<p>\u00cenc\u0103 ceva despre mine ca <strong>om<\/strong>: \u00eemi place s\u0103 <strong>dansez<\/strong>, de\u0219i abilit\u0103\u021bile mele sunt cel mult modeste, \u00eemi plac <strong>board games<\/strong>-urile al\u0103turi de prieteni, chiar dac\u0103 pierd \u00een 80% din cazuri, \u00eemi place s\u0103 <strong>c\u0103l\u0103toresc<\/strong> \u0219i s\u0103 descop\u0103r culturi noi, \u00eemi place o <strong>conversa\u021bie bun\u0103<\/strong>, \u00eemi plac <strong>lucrurile frumoase<\/strong>&#8211; o melodie fain\u0103, curtoazia \u00een trafic, un peisaj de o m\u0103re\u021bie de-\u021bi taie respira\u021bia, gesturile m\u0103runte. Toate astea m\u0103 <strong>\u00eencarc\u0103<\/strong>.<\/p>\n<p><!-- \/wp:paragraph --><\/p>\n<p><!-- wp:media-text {\"mediaId\":171,\"mediaLink\":\"https:\/\/coaching-journey.ro\/despre\/emcc\/\",\"mediaType\":\"image\",\"mediaWidth\":29} --><\/p>\n<div class=\"wp-block-media-text is-stacked-on-mobile\" style=\"grid-template-columns: 29% auto;\">\n<figure class=\"wp-block-media-text__media\"><img fetchpriority=\"high\" decoding=\"async\" width=\"270\" height=\"191\" src=\"https:\/\/mlrvpyy5jpbg.i.optimole.com\/w:auto\/h:auto\/q:mauto\/ig:avif\/https:\/\/coaching-journey.ro\/wp-content\/uploads\/2022\/03\/emcc.jpg\"  alt=\"\" class=\"wp-image-171 size-full\" \/><\/figure>\n<div class=\"wp-block-media-text__content\">\n<p><!-- wp:paragraph --><\/p>\n<p><strong>Certified EMCC Coach - Practitioner<\/strong><\/p>\n<p><!-- \/wp:paragraph --><\/p>\n<\/div>\n<\/div>\n<p><!-- \/wp:media-text --><\/p>\n<\/div>\n<p><!-- \/wp:column --><\/p>\n<\/div>\n<p><!-- \/wp:columns --><\/p>\t\t\t\t\t\t<\/div>\n\t\t\t\t<\/div>\n\t\t\t\t\t<\/div>\n\t\t<\/div>\n\t\t\t\t\t<\/div>\n\t\t<\/section>\n\t\t\t\t<\/div>","protected":false},"excerpt":{"rendered":"<p>\u201cParadoxul curios este c\u0103 atunci c\u00e2nd m\u0103 accept\u00a0a\u0219a cum sunt, pot s\u0103 m\u0103 schimb\u201d Despre mine : Iulia R\u0103du\u021b\u0103\u00a0 Psihoterapeut acreditat COPSI Coach acreditat EMCC la nivel practitioner \u00cen procesele terapeutice aduc mult\u0103 bl\u00e2nde\u021be dar \u0219i fermitate, un mix potrivit de suport, structur\u0103 \u0219i autonomie, resurse de tip self help [&hellip;]<\/p>","protected":false},"author":1,"featured_media":709,"parent":0,"menu_order":0,"comment_status":"closed","ping_status":"closed","template":"","meta":{"footnotes":""},"class_list":["post-762","page","type-page","status-publish","has-post-thumbnail","hentry"],"yoast_head":"<!-- This site is optimized with the Yoast SEO plugin v23.0 - https:\/\/yoast.com\/wordpress\/plugins\/seo\/ -->\n<title>Despre - Coaching Journey<\/title>\n<meta name=\"robots\" content=\"index, follow, max-snippet:-1, max-image-preview:large, max-video-preview:-1\" \/>\n<link rel=\"canonical\" href=\"https:\/\/coaching-journey.ro\/en\/despre\/\" \/>\n<meta property=\"og:locale\" content=\"en_US\" \/>\n<meta property=\"og:type\" content=\"article\" \/>\n<meta property=\"og:title\" content=\"Despre - Coaching Journey\" \/>\n<meta property=\"og:description\" content=\"\u201cParadoxul curios este c\u0103 atunci c\u00e2nd m\u0103 accept\u00a0a\u0219a cum sunt, pot s\u0103 m\u0103 schimb\u201d Despre mine : Iulia R\u0103du\u021b\u0103\u00a0 Psihoterapeut acreditat COPSI Coach acreditat EMCC la nivel practitioner \u00cen procesele terapeutice aduc mult\u0103 bl\u00e2nde\u021be dar \u0219i fermitate, un mix potrivit de suport, structur\u0103 \u0219i autonomie, resurse de tip self help [&hellip;]\" \/>\n<meta property=\"og:url\" content=\"https:\/\/coaching-journey.ro\/en\/despre\/\" \/>\n<meta property=\"og:site_name\" content=\"Coaching Journey\" \/>\n<meta property=\"article:modified_time\" content=\"2024-09-20T10:16:04+00:00\" \/>\n<meta property=\"og:image\" content=\"https:\/\/mlrvpyy5jpbg.i.optimole.com\/w:1024\/h:576\/q:mauto\/ig:avif\/https:\/\/coaching-journey.ro\/wp-content\/uploads\/2024\/06\/water-lily-pt-pagina-despre.png\" \/>\n\t<meta property=\"og:image:width\" content=\"1024\" \/>\n\t<meta property=\"og:image:height\" content=\"576\" \/>\n\t<meta property=\"og:image:type\" content=\"image\/png\" \/>\n<meta name=\"twitter:card\" content=\"summary_large_image\" \/>\n<meta name=\"twitter:label1\" content=\"Est. reading time\" \/>\n\t<meta name=\"twitter:data1\" content=\"3 minutes\" \/>\n<script type=\"application\/ld+json\" class=\"yoast-schema-graph\">{\"@context\":\"https:\/\/schema.org\",\"@graph\":[{\"@type\":\"WebPage\",\"@id\":\"https:\/\/coaching-journey.ro\/despre\/\",\"url\":\"https:\/\/coaching-journey.ro\/despre\/\",\"name\":\"Despre - Coaching Journey\",\"isPartOf\":{\"@id\":\"https:\/\/coaching-journey.ro\/#website\"},\"primaryImageOfPage\":{\"@id\":\"https:\/\/coaching-journey.ro\/despre\/#primaryimage\"},\"image\":{\"@id\":\"https:\/\/coaching-journey.ro\/despre\/#primaryimage\"},\"thumbnailUrl\":\"https:\/\/mlrvpyy5jpbg.i.optimole.com\/w:auto\/h:auto\/q:mauto\/ig:avif\/https:\/\/coaching-journey.ro\/wp-content\/uploads\/2024\/06\/water-lily-pt-pagina-despre.png\",\"datePublished\":\"2024-07-03T19:05:53+00:00\",\"dateModified\":\"2024-09-20T10:16:04+00:00\",\"breadcrumb\":{\"@id\":\"https:\/\/coaching-journey.ro\/despre\/#breadcrumb\"},\"inLanguage\":\"en-US\",\"potentialAction\":[{\"@type\":\"ReadAction\",\"target\":[\"https:\/\/coaching-journey.ro\/despre\/\"]}]},{\"@type\":\"ImageObject\",\"inLanguage\":\"en-US\",\"@id\":\"https:\/\/coaching-journey.ro\/despre\/#primaryimage\",\"url\":\"https:\/\/mlrvpyy5jpbg.i.optimole.com\/w:auto\/h:auto\/q:mauto\/ig:avif\/https:\/\/coaching-journey.ro\/wp-content\/uploads\/2024\/06\/water-lily-pt-pagina-despre.png\",\"contentUrl\":\"https:\/\/mlrvpyy5jpbg.i.optimole.com\/w:auto\/h:auto\/q:mauto\/ig:avif\/https:\/\/coaching-journey.ro\/wp-content\/uploads\/2024\/06\/water-lily-pt-pagina-despre.png\",\"width\":1920,\"height\":1080},{\"@type\":\"BreadcrumbList\",\"@id\":\"https:\/\/coaching-journey.ro\/despre\/#breadcrumb\",\"itemListElement\":[{\"@type\":\"ListItem\",\"position\":1,\"name\":\"Home\",\"item\":\"https:\/\/coaching-journey.ro\/\"},{\"@type\":\"ListItem\",\"position\":2,\"name\":\"Despre\"}]},{\"@type\":\"WebSite\",\"@id\":\"https:\/\/coaching-journey.ro\/#website\",\"url\":\"https:\/\/coaching-journey.ro\/\",\"name\":\"Coaching Journey\",\"description\":\"Servicii de coaching\",\"publisher\":{\"@id\":\"https:\/\/coaching-journey.ro\/#organization\"},\"potentialAction\":[{\"@type\":\"SearchAction\",\"target\":{\"@type\":\"EntryPoint\",\"urlTemplate\":\"https:\/\/coaching-journey.ro\/?s={search_term_string}\"},\"query-input\":\"required name=search_term_string\"}],\"inLanguage\":\"en-US\"},{\"@type\":\"Organization\",\"@id\":\"https:\/\/coaching-journey.ro\/#organization\",\"name\":\"Coaching Journey\",\"url\":\"https:\/\/coaching-journey.ro\/\",\"logo\":{\"@type\":\"ImageObject\",\"inLanguage\":\"en-US\",\"@id\":\"https:\/\/coaching-journey.ro\/#\/schema\/logo\/image\/\",\"url\":\"https:\/\/mlrvpyy5jpbg.i.optimole.com\/w:auto\/h:auto\/q:mauto\/ig:avif\/https:\/\/coaching-journey.ro\/wp-content\/uploads\/2022\/03\/logo-simplu-v2-1.png\",\"contentUrl\":\"https:\/\/mlrvpyy5jpbg.i.optimole.com\/w:auto\/h:auto\/q:mauto\/ig:avif\/https:\/\/coaching-journey.ro\/wp-content\/uploads\/2022\/03\/logo-simplu-v2-1.png\",\"width\":1000,\"height\":192,\"caption\":\"Coaching Journey\"},\"image\":{\"@id\":\"https:\/\/coaching-journey.ro\/#\/schema\/logo\/image\/\"}}]}<\/script>\n<!-- \/ Yoast SEO plugin. -->","yoast_head_json":{"title":"Despre - Coaching Journey","robots":{"index":"index","follow":"follow","max-snippet":"max-snippet:-1","max-image-preview":"max-image-preview:large","max-video-preview":"max-video-preview:-1"},"canonical":"https:\/\/coaching-journey.ro\/en\/despre\/","og_locale":"en_US","og_type":"article","og_title":"Despre - Coaching Journey","og_description":"\u201cParadoxul curios este c\u0103 atunci c\u00e2nd m\u0103 accept\u00a0a\u0219a cum sunt, pot s\u0103 m\u0103 schimb\u201d Despre mine : Iulia R\u0103du\u021b\u0103\u00a0 Psihoterapeut acreditat COPSI Coach acreditat EMCC la nivel practitioner \u00cen procesele terapeutice aduc mult\u0103 bl\u00e2nde\u021be dar \u0219i fermitate, un mix potrivit de suport, structur\u0103 \u0219i autonomie, resurse de tip self help [&hellip;]","og_url":"https:\/\/coaching-journey.ro\/en\/despre\/","og_site_name":"Coaching Journey","article_modified_time":"2024-09-20T10:16:04+00:00","og_image":[{"width":1024,"height":576,"url":"https:\/\/mlrvpyy5jpbg.i.optimole.com\/w:1024\/h:576\/q:mauto\/ig:avif\/https:\/\/coaching-journey.ro\/wp-content\/uploads\/2024\/06\/water-lily-pt-pagina-despre.png","type":"image\/png"}],"twitter_card":"summary_large_image","twitter_misc":{"Est. reading time":"3 minutes"},"schema":{"@context":"https:\/\/schema.org","@graph":[{"@type":"WebPage","@id":"https:\/\/coaching-journey.ro\/despre\/","url":"https:\/\/coaching-journey.ro\/despre\/","name":"Despre - Coaching Journey","isPartOf":{"@id":"https:\/\/coaching-journey.ro\/#website"},"primaryImageOfPage":{"@id":"https:\/\/coaching-journey.ro\/despre\/#primaryimage"},"image":{"@id":"https:\/\/coaching-journey.ro\/despre\/#primaryimage"},"thumbnailUrl":"https:\/\/mlrvpyy5jpbg.i.optimole.com\/w:auto\/h:auto\/q:mauto\/ig:avif\/https:\/\/coaching-journey.ro\/wp-content\/uploads\/2024\/06\/water-lily-pt-pagina-despre.png","datePublished":"2024-07-03T19:05:53+00:00","dateModified":"2024-09-20T10:16:04+00:00","breadcrumb":{"@id":"https:\/\/coaching-journey.ro\/despre\/#breadcrumb"},"inLanguage":"en-US","potentialAction":[{"@type":"ReadAction","target":["https:\/\/coaching-journey.ro\/despre\/"]}]},{"@type":"ImageObject","inLanguage":"en-US","@id":"https:\/\/coaching-journey.ro\/despre\/#primaryimage","url":"https:\/\/mlrvpyy5jpbg.i.optimole.com\/w:auto\/h:auto\/q:mauto\/ig:avif\/https:\/\/coaching-journey.ro\/wp-content\/uploads\/2024\/06\/water-lily-pt-pagina-despre.png","contentUrl":"https:\/\/mlrvpyy5jpbg.i.optimole.com\/w:auto\/h:auto\/q:mauto\/ig:avif\/https:\/\/coaching-journey.ro\/wp-content\/uploads\/2024\/06\/water-lily-pt-pagina-despre.png","width":1920,"height":1080},{"@type":"BreadcrumbList","@id":"https:\/\/coaching-journey.ro\/despre\/#breadcrumb","itemListElement":[{"@type":"ListItem","position":1,"name":"Home","item":"https:\/\/coaching-journey.ro\/"},{"@type":"ListItem","position":2,"name":"Despre"}]},{"@type":"WebSite","@id":"https:\/\/coaching-journey.ro\/#website","url":"https:\/\/coaching-journey.ro\/","name":"Coaching Journey","description":"Servicii de coaching","publisher":{"@id":"https:\/\/coaching-journey.ro\/#organization"},"potentialAction":[{"@type":"SearchAction","target":{"@type":"EntryPoint","urlTemplate":"https:\/\/coaching-journey.ro\/?s={search_term_string}"},"query-input":"required name=search_term_string"}],"inLanguage":"en-US"},{"@type":"Organization","@id":"https:\/\/coaching-journey.ro\/#organization","name":"Coaching Journey","url":"https:\/\/coaching-journey.ro\/","logo":{"@type":"ImageObject","inLanguage":"en-US","@id":"https:\/\/coaching-journey.ro\/#\/schema\/logo\/image\/","url":"https:\/\/mlrvpyy5jpbg.i.optimole.com\/w:auto\/h:auto\/q:mauto\/ig:avif\/https:\/\/coaching-journey.ro\/wp-content\/uploads\/2022\/03\/logo-simplu-v2-1.png","contentUrl":"https:\/\/mlrvpyy5jpbg.i.optimole.com\/w:auto\/h:auto\/q:mauto\/ig:avif\/https:\/\/coaching-journey.ro\/wp-content\/uploads\/2022\/03\/logo-simplu-v2-1.png","width":1000,"height":192,"caption":"Coaching Journey"},"image":{"@id":"https:\/\/coaching-journey.ro\/#\/schema\/logo\/image\/"}}]}},"_links":{"self":[{"href":"https:\/\/coaching-journey.ro\/en\/wp-json\/wp\/v2\/pages\/762","targetHints":{"allow":["GET"]}}],"collection":[{"href":"https:\/\/coaching-journey.ro\/en\/wp-json\/wp\/v2\/pages"}],"about":[{"href":"https:\/\/coaching-journey.ro\/en\/wp-json\/wp\/v2\/types\/page"}],"author":[{"embeddable":true,"href":"https:\/\/coaching-journey.ro\/en\/wp-json\/wp\/v2\/users\/1"}],"replies":[{"embeddable":true,"href":"https:\/\/coaching-journey.ro\/en\/wp-json\/wp\/v2\/comments?post=762"}],"version-history":[{"count":26,"href":"https:\/\/coaching-journey.ro\/en\/wp-json\/wp\/v2\/pages\/762\/revisions"}],"predecessor-version":[{"id":890,"href":"https:\/\/coaching-journey.ro\/en\/wp-json\/wp\/v2\/pages\/762\/revisions\/890"}],"wp:featuredmedia":[{"embeddable":true,"href":"https:\/\/coaching-journey.ro\/en\/wp-json\/wp\/v2\/media\/709"}],"wp:attachment":[{"href":"https:\/\/coaching-journey.ro\/en\/wp-json\/wp\/v2\/media?parent=762"}],"curies":[{"name":"wp","href":"https:\/\/api.w.org\/{rel}","templated":true}]}}